{"id":35,"date":"2020-11-22T10:06:02","date_gmt":"2020-11-22T10:06:02","guid":{"rendered":"https:\/\/danaloco.de\/?page_id=35"},"modified":"2021-01-04T19:23:16","modified_gmt":"2021-01-04T19:23:16","slug":"hi","status":"publish","type":"page","link":"https:\/\/danaloco.de\/","title":{"rendered":"Herzlich Willkommen"},"content":{"rendered":"\n<p>Ich lade dich herzlich auf eine Reise in die Welt der Collagen ein. Im Moment unterteilen sich meine Arbeiten in vier Serien, &#8222;Koblenz mal anders&#8220;, &#8222;Mannequin&#8220;, &#8222;DIES und DAS&#8220; und &#8222;Hamburg meine Perle&#8220;. Viel Spa\u00df beim Entdecken von Bekanntem und Unbekanntem.  Unter <a href=\"https:\/\/www.danaloco.de\/aboutme\">About me<\/a> erf\u00e4hrst du mehr \u00fcber meine Arbeitsweise und mein Atelier im OKNO55.<\/p>\n\n\n\n<p>Auf Wunsch stelle ich sehr gerne eine individuelle Collage mit deinen eigenen Fotos und deinem pers\u00f6nlichen Thema zusammen. Ganz gleich ob als Geschenk f\u00fcr eine Hochzeit, ein Jubil\u00e4um oder einfach nur mal so f\u00fcr die oder den Liebsten.<\/p>\n\n\n\n<p>Ich freue mich \u00fcber eine Nachricht von dir, wenn dir eine Collage gef\u00e4llt oder du mich mal in meinem Atelier besuchen m\u00f6chtest. Neuigkeiten gibt es auch immer auf Facebook und Instagram zu sehen. <\/p>\n\n\n\n<div class=\"wp-block-buttons aligncenter is-layout-flex wp-block-buttons-is-layout-flex\">\n<div class=\"wp-block-button\"><a class=\"wp-block-button__link no-border-radius\" href=\"https:\/\/www.facebook.com\/Danaloco-2257445490995697\" target=\"_blank\" rel=\"noreferrer noopener\">Kontakt<\/a><\/div>\n<\/div>\n\n\n\n<ul class=\"wp-block-social-links aligncenter is-style-default is-layout-flex wp-block-social-links-is-layout-flex\"><li class=\"wp-social-link wp-social-link-facebook  wp-block-social-link\"><a href=\"https:\/\/www.facebook.com\/Danaloco-2257445490995697\" class=\"wp-block-social-link-anchor\"><svg width=\"24\" height=\"24\" viewBox=\"0 0 24 24\" version=\"1.1\" xmlns=\"http:\/\/www.w3.org\/2000\/svg\" aria-hidden=\"true\" focusable=\"false\"><path d=\"M12 2C6.5 2 2 6.5 2 12c0 5 3.7 9.1 8.4 9.9v-7H7.9V12h2.5V9.8c0-2.5 1.5-3.9 3.8-3.9 1.1 0 2.2.2 2.2.2v2.5h-1.3c-1.2 0-1.6.8-1.6 1.6V12h2.8l-.4 2.9h-2.3v7C18.3 21.1 22 17 22 12c0-5.5-4.5-10-10-10z\"><\/path><\/svg><span class=\"wp-block-social-link-label screen-reader-text\">Facebook<\/span><\/a><\/li>\n\n<li class=\"wp-social-link wp-social-link-instagram  wp-block-social-link\"><a href=\"https:\/\/www.instagram.com\/herokdanuta\/\" class=\"wp-block-social-link-anchor\"><svg width=\"24\" height=\"24\" viewBox=\"0 0 24 24\" version=\"1.1\" xmlns=\"http:\/\/www.w3.org\/2000\/svg\" aria-hidden=\"true\" focusable=\"false\"><path d=\"M12,4.622c2.403,0,2.688,0.009,3.637,0.052c0.877,0.04,1.354,0.187,1.671,0.31c0.42,0.163,0.72,0.358,1.035,0.673 c0.315,0.315,0.51,0.615,0.673,1.035c0.123,0.317,0.27,0.794,0.31,1.671c0.043,0.949,0.052,1.234,0.052,3.637 s-0.009,2.688-0.052,3.637c-0.04,0.877-0.187,1.354-0.31,1.671c-0.163,0.42-0.358,0.72-0.673,1.035 c-0.315,0.315-0.615,0.51-1.035,0.673c-0.317,0.123-0.794,0.27-1.671,0.31c-0.949,0.043-1.233,0.052-3.637,0.052 s-2.688-0.009-3.637-0.052c-0.877-0.04-1.354-0.187-1.671-0.31c-0.42-0.163-0.72-0.358-1.035-0.673 c-0.315-0.315-0.51-0.615-0.673-1.035c-0.123-0.317-0.27-0.794-0.31-1.671C4.631,14.688,4.622,14.403,4.622,12 s0.009-2.688,0.052-3.637c0.04-0.877,0.187-1.354,0.31-1.671c0.163-0.42,0.358-0.72,0.673-1.035 c0.315-0.315,0.615-0.51,1.035-0.673c0.317-0.123,0.794-0.27,1.671-0.31C9.312,4.631,9.597,4.622,12,4.622 M12,3 C9.556,3,9.249,3.01,8.289,3.054C7.331,3.098,6.677,3.25,6.105,3.472C5.513,3.702,5.011,4.01,4.511,4.511 c-0.5,0.5-0.808,1.002-1.038,1.594C3.25,6.677,3.098,7.331,3.054,8.289C3.01,9.249,3,9.556,3,12c0,2.444,0.01,2.751,0.054,3.711 c0.044,0.958,0.196,1.612,0.418,2.185c0.23,0.592,0.538,1.094,1.038,1.594c0.5,0.5,1.002,0.808,1.594,1.038 c0.572,0.222,1.227,0.375,2.185,0.418C9.249,20.99,9.556,21,12,21s2.751-0.01,3.711-0.054c0.958-0.044,1.612-0.196,2.185-0.418 c0.592-0.23,1.094-0.538,1.594-1.038c0.5-0.5,0.808-1.002,1.038-1.594c0.222-0.572,0.375-1.227,0.418-2.185 C20.99,14.751,21,14.444,21,12s-0.01-2.751-0.054-3.711c-0.044-0.958-0.196-1.612-0.418-2.185c-0.23-0.592-0.538-1.094-1.038-1.594 c-0.5-0.5-1.002-0.808-1.594-1.038c-0.572-0.222-1.227-0.375-2.185-0.418C14.751,3.01,14.444,3,12,3L12,3z M12,7.378 c-2.552,0-4.622,2.069-4.622,4.622S9.448,16.622,12,16.622s4.622-2.069,4.622-4.622S14.552,7.378,12,7.378z M12,15 c-1.657,0-3-1.343-3-3s1.343-3,3-3s3,1.343,3,3S13.657,15,12,15z M16.804,6.116c-0.596,0-1.08,0.484-1.08,1.08 s0.484,1.08,1.08,1.08c0.596,0,1.08-0.484,1.08-1.08S17.401,6.116,16.804,6.116z\"><\/path><\/svg><span class=\"wp-block-social-link-label screen-reader-text\">Instagram<\/span><\/a><\/li><\/ul>\n\n\n\n<hr class=\"wp-block-separator\"\/>\n\n\n\n<div class=\"wp-block-media-text alignwide is-stacked-on-mobile has-black-color has-white-background-color has-text-color has-background\"><figure class=\"wp-block-media-text__media\"><a href=\"https:\/\/danaloco.de\/?page_id=314(\u00f6ffnet%20in%20neuem%20Tab\"><img loading=\"lazy\" decoding=\"async\" width=\"900\" height=\"900\" src=\"https:\/\/danaloco.de\/wp-content\/uploads\/2020\/12\/201_11_kat_koblenz_900x900px.png\" alt=\"\" class=\"wp-image-560 size-full\" srcset=\"https:\/\/danaloco.de\/wp-content\/uploads\/2020\/12\/201_11_kat_koblenz_900x900px.png 900w, https:\/\/danaloco.de\/wp-content\/uploads\/2020\/12\/201_11_kat_koblenz_900x900px-300x300.png 300w, https:\/\/danaloco.de\/wp-content\/uploads\/2020\/12\/201_11_kat_koblenz_900x900px-150x150.png 150w, https:\/\/danaloco.de\/wp-content\/uploads\/2020\/12\/201_11_kat_koblenz_900x900px-768x768.png 768w, https:\/\/danaloco.de\/wp-content\/uploads\/2020\/12\/201_11_kat_koblenz_900x900px-533x533.png 533w, https:\/\/danaloco.de\/wp-content\/uploads\/2020\/12\/201_11_kat_koblenz_900x900px-640x640.png 640w, https:\/\/danaloco.de\/wp-content\/uploads\/2020\/12\/201_11_kat_koblenz_900x900px-864x864.png 864w\" sizes=\"auto, (max-width: 900px) 100vw, 900px\" \/><\/a><\/figure><div class=\"wp-block-media-text__content\">\n<p class=\"has-medium-black-color has-text-color has-large-font-size\">In der Serie &#8222;Koblenz mal anders&#8220; kann auch der Ortskundige ein neues Bild bekommen&#8230;.<\/p>\n<\/div><\/div>\n\n\n\n<hr class=\"wp-block-separator\"\/>\n\n\n\n<div class=\"wp-block-media-text alignwide has-media-on-the-right is-stacked-on-mobile\"><figure class=\"wp-block-media-text__media\"><a href=\"https:\/\/danaloco.de\/?page_id=358\"><img loading=\"lazy\" decoding=\"async\" width=\"900\" height=\"900\" src=\"https:\/\/danaloco.de\/wp-content\/uploads\/2020\/12\/201_11_kat_mannequin_900x900px.png\" alt=\"\" class=\"wp-image-559 size-full\" srcset=\"https:\/\/danaloco.de\/wp-content\/uploads\/2020\/12\/201_11_kat_mannequin_900x900px.png 900w, https:\/\/danaloco.de\/wp-content\/uploads\/2020\/12\/201_11_kat_mannequin_900x900px-300x300.png 300w, https:\/\/danaloco.de\/wp-content\/uploads\/2020\/12\/201_11_kat_mannequin_900x900px-150x150.png 150w, https:\/\/danaloco.de\/wp-content\/uploads\/2020\/12\/201_11_kat_mannequin_900x900px-768x768.png 768w, https:\/\/danaloco.de\/wp-content\/uploads\/2020\/12\/201_11_kat_mannequin_900x900px-533x533.png 533w, https:\/\/danaloco.de\/wp-content\/uploads\/2020\/12\/201_11_kat_mannequin_900x900px-640x640.png 640w, https:\/\/danaloco.de\/wp-content\/uploads\/2020\/12\/201_11_kat_mannequin_900x900px-864x864.png 864w\" sizes=\"auto, (max-width: 900px) 100vw, 900px\" \/><\/a><\/figure><div class=\"wp-block-media-text__content\">\n<p class=\"has-medium-black-color has-text-color has-large-font-size\">Die Serie &#8222;Mannequin&#8220; entf\u00fchrt in eine bizarre grazile Welt&#8230;..enjoy \ud83e\udd0d<\/p>\n<\/div><\/div>\n\n\n\n<hr class=\"wp-block-separator\"\/>\n\n\n\n<div class=\"wp-block-media-text alignwide is-stacked-on-mobile\"><figure class=\"wp-block-media-text__media\"><a href=\"https:\/\/danaloco.de\/?page_id=586\"><img loading=\"lazy\" decoding=\"async\" width=\"900\" height=\"900\" src=\"https:\/\/danaloco.de\/wp-content\/uploads\/2020\/12\/20_11_kat_dies-und-das_900x900px.png\" alt=\"\" class=\"wp-image-557 size-full\" srcset=\"https:\/\/danaloco.de\/wp-content\/uploads\/2020\/12\/20_11_kat_dies-und-das_900x900px.png 900w, https:\/\/danaloco.de\/wp-content\/uploads\/2020\/12\/20_11_kat_dies-und-das_900x900px-300x300.png 300w, https:\/\/danaloco.de\/wp-content\/uploads\/2020\/12\/20_11_kat_dies-und-das_900x900px-150x150.png 150w, https:\/\/danaloco.de\/wp-content\/uploads\/2020\/12\/20_11_kat_dies-und-das_900x900px-768x768.png 768w, https:\/\/danaloco.de\/wp-content\/uploads\/2020\/12\/20_11_kat_dies-und-das_900x900px-533x533.png 533w, https:\/\/danaloco.de\/wp-content\/uploads\/2020\/12\/20_11_kat_dies-und-das_900x900px-640x640.png 640w, https:\/\/danaloco.de\/wp-content\/uploads\/2020\/12\/20_11_kat_dies-und-das_900x900px-864x864.png 864w\" sizes=\"auto, (max-width: 900px) 100vw, 900px\" \/><\/a><\/figure><div class=\"wp-block-media-text__content\">\n<p class=\"has-large-font-size\">Alles was mich inspiriert findet in der Serie &#8222;Dies und Das&#8220; einen Platz<\/p>\n<\/div><\/div>\n\n\n\n<hr class=\"wp-block-separator\"\/>\n\n\n\n<div class=\"wp-block-media-text alignwide has-media-on-the-right is-stacked-on-mobile\"><figure class=\"wp-block-media-text__media\"><a href=\"https:\/\/danaloco.de\/?page_id=568\"><img loading=\"lazy\" decoding=\"async\" width=\"900\" height=\"900\" src=\"https:\/\/danaloco.de\/wp-content\/uploads\/2020\/12\/20_11_kat_hamburg_900x900px.png\" alt=\"\" class=\"wp-image-558 size-full\" srcset=\"https:\/\/danaloco.de\/wp-content\/uploads\/2020\/12\/20_11_kat_hamburg_900x900px.png 900w, https:\/\/danaloco.de\/wp-content\/uploads\/2020\/12\/20_11_kat_hamburg_900x900px-300x300.png 300w, https:\/\/danaloco.de\/wp-content\/uploads\/2020\/12\/20_11_kat_hamburg_900x900px-150x150.png 150w, https:\/\/danaloco.de\/wp-content\/uploads\/2020\/12\/20_11_kat_hamburg_900x900px-768x768.png 768w, https:\/\/danaloco.de\/wp-content\/uploads\/2020\/12\/20_11_kat_hamburg_900x900px-533x533.png 533w, https:\/\/danaloco.de\/wp-content\/uploads\/2020\/12\/20_11_kat_hamburg_900x900px-640x640.png 640w, https:\/\/danaloco.de\/wp-content\/uploads\/2020\/12\/20_11_kat_hamburg_900x900px-864x864.png 864w\" sizes=\"auto, (max-width: 900px) 100vw, 900px\" \/><\/a><\/figure><div class=\"wp-block-media-text__content\">\n<p class=\"has-large-font-size\">Diese Stadt hat einen festen Platz in meinem \ud83e\udd0d, &#8222;Hamburg meine Perle&#8220; ist eine Hommage<\/p>\n<\/div><\/div>\n\n\n\n<hr class=\"wp-block-separator\"\/>\n","protected":false},"excerpt":{"rendered":"<p>Ich lade dich herzlich auf eine Reise in die Welt der Collagen ein. Im Moment unterteilen sich meine Arbeiten in vier Serien, &#8222;Koblenz mal anders&#8220;, &#8222;Mannequin&#8220;, &#8222;DIES und DAS&#8220; und &#8222;Hamburg meine Perle&#8220;. Viel Spa\u00df beim Entdecken von Bekanntem und Unbekanntem. Unter About me erf\u00e4hrst &hellip; <a href=\"https:\/\/danaloco.de\/\" class=\"more-link\"><span>Continue reading<span class=\"screen-reader-text\">Herzlich Willkommen<\/span><\/span><\/a><\/p>\n","protected":false},"author":1,"featured_media":0,"parent":0,"menu_order":0,"comment_status":"closed","ping_status":"closed","template":"","meta":{"ngg_post_thumbnail":0,"footnotes":""},"class_list":["post-35","page","type-page","status-publish","hentry"],"_links":{"self":[{"href":"https:\/\/danaloco.de\/index.php?rest_route=\/wp\/v2\/pages\/35","targetHints":{"allow":["GET"]}}],"collection":[{"href":"https:\/\/danaloco.de\/index.php?rest_route=\/wp\/v2\/pages"}],"about":[{"href":"https:\/\/danaloco.de\/index.php?rest_route=\/wp\/v2\/types\/page"}],"author":[{"embeddable":true,"href":"https:\/\/danaloco.de\/index.php?rest_route=\/wp\/v2\/users\/1"}],"replies":[{"embeddable":true,"href":"https:\/\/danaloco.de\/index.php?rest_route=%2Fwp%2Fv2%2Fcomments&post=35"}],"version-history":[{"count":74,"href":"https:\/\/danaloco.de\/index.php?rest_route=\/wp\/v2\/pages\/35\/revisions"}],"predecessor-version":[{"id":800,"href":"https:\/\/danaloco.de\/index.php?rest_route=\/wp\/v2\/pages\/35\/revisions\/800"}],"wp:attachment":[{"href":"https:\/\/danaloco.de\/index.php?rest_route=%2Fwp%2Fv2%2Fmedia&parent=35"}],"curies":[{"name":"wp","href":"https:\/\/api.w.org\/{rel}","templated":true}]}}