{"id":487,"date":"2020-11-29T08:39:44","date_gmt":"2020-11-29T08:39:44","guid":{"rendered":"https:\/\/danaloco.de\/?page_id=487"},"modified":"2021-01-10T19:34:14","modified_gmt":"2021-01-10T19:34:14","slug":"galerie","status":"publish","type":"page","link":"https:\/\/danaloco.de\/?page_id=487","title":{"rendered":"Galerie"},"content":{"rendered":"\n<p class=\"has-text-align-center has-normal-font-size\">in der Galerie habe ich alle meine Collagen zu einer Slideshow zusammengestellt, nach ein paar Sekunden startet sie automatisch, du kannst aber auch in deinem eigenen Tempo bl\u00e4ttern. Viel Spa\u00df dabei.<\/p>\n\n\n\nngg_shortcode_0_placeholder\n\n\n\n<p><\/p>\n\n\n\n<hr class=\"wp-block-separator\"\/>\n\n\n\n<p class=\"has-text-align-center\">Hast du Fragen oder Anregungen zu meiner Arbeit? \u00dcber das Kontaktformular beantworte ich diese gerne.<\/p>\n\n\n\n<div class=\"wp-block-buttons aligncenter is-layout-flex wp-block-buttons-is-layout-flex\">\n<div class=\"wp-block-button\"><a class=\"wp-block-button__link\" href=\"https:\/\/danaloco.de\/?page_id=27\">Kontakt<\/a><\/div>\n<\/div>\n\n\n\n<hr class=\"wp-block-separator\"\/>\n\n\n\n<p>Damit du noch ein wenig Stimmung einfangen kannst, habe ich hier noch einige Fotos aus meinem  Atelier im OKNO55 und aus meinen Socialmedia Accounts f\u00fcr dich zusammengestellt. Viel Spa\u00df beim Anschauen.<\/p>\n\n\n\nngg_shortcode_1_placeholder\n\n\n\n<p><\/p>\n","protected":false},"excerpt":{"rendered":"<p>in der Galerie habe ich alle meine Collagen zu einer Slideshow zusammengestellt, nach ein paar Sekunden startet sie automatisch, du kannst aber auch in deinem eigenen Tempo bl\u00e4ttern. Viel Spa\u00df dabei. Hast du Fragen oder Anregungen zu meiner Arbeit? \u00dcber das Kontaktformular beantworte ich diese &hellip; <a href=\"https:\/\/danaloco.de\/?page_id=487\" class=\"more-link\"><span>Continue reading<span class=\"screen-reader-text\">Galerie<\/span><\/span><\/a><\/p>\n","protected":false},"author":1,"featured_media":0,"parent":0,"menu_order":0,"comment_status":"closed","ping_status":"closed","template":"","meta":{"ngg_post_thumbnail":0,"footnotes":""},"class_list":["post-487","page","type-page","status-publish","hentry"],"_links":{"self":[{"href":"https:\/\/danaloco.de\/index.php?rest_route=\/wp\/v2\/pages\/487","targetHints":{"allow":["GET"]}}],"collection":[{"href":"https:\/\/danaloco.de\/index.php?rest_route=\/wp\/v2\/pages"}],"about":[{"href":"https:\/\/danaloco.de\/index.php?rest_route=\/wp\/v2\/types\/page"}],"author":[{"embeddable":true,"href":"https:\/\/danaloco.de\/index.php?rest_route=\/wp\/v2\/users\/1"}],"replies":[{"embeddable":true,"href":"https:\/\/danaloco.de\/index.php?rest_route=%2Fwp%2Fv2%2Fcomments&post=487"}],"version-history":[{"count":18,"href":"https:\/\/danaloco.de\/index.php?rest_route=\/wp\/v2\/pages\/487\/revisions"}],"predecessor-version":[{"id":791,"href":"https:\/\/danaloco.de\/index.php?rest_route=\/wp\/v2\/pages\/487\/revisions\/791"}],"wp:attachment":[{"href":"https:\/\/danaloco.de\/index.php?rest_route=%2Fwp%2Fv2%2Fmedia&parent=487"}],"curies":[{"name":"wp","href":"https:\/\/api.w.org\/{rel}","templated":true}]}}