{"id":90,"date":"2020-11-22T19:20:18","date_gmt":"2020-11-22T19:20:18","guid":{"rendered":"https:\/\/danaloco.de\/?page_id=90"},"modified":"2021-01-16T19:34:41","modified_gmt":"2021-01-16T19:34:41","slug":"about-me","status":"publish","type":"page","link":"https:\/\/danaloco.de\/?page_id=90","title":{"rendered":"about me"},"content":{"rendered":"\n<div class=\"wp-block-media-text alignwide is-stacked-on-mobile\" style=\"grid-template-columns:24% auto\"><figure class=\"wp-block-media-text__media\"><img loading=\"lazy\" decoding=\"async\" width=\"1024\" height=\"992\" src=\"https:\/\/danaloco.de\/wp-content\/uploads\/2021\/01\/PHOTO-2020-12-29-09-03-43-1024x992.jpg\" alt=\"\" class=\"wp-image-614 size-full\" srcset=\"https:\/\/danaloco.de\/wp-content\/uploads\/2021\/01\/PHOTO-2020-12-29-09-03-43-1024x992.jpg 1024w, https:\/\/danaloco.de\/wp-content\/uploads\/2021\/01\/PHOTO-2020-12-29-09-03-43-300x291.jpg 300w, https:\/\/danaloco.de\/wp-content\/uploads\/2021\/01\/PHOTO-2020-12-29-09-03-43-768x744.jpg 768w, https:\/\/danaloco.de\/wp-content\/uploads\/2021\/01\/PHOTO-2020-12-29-09-03-43.jpg 1080w\" sizes=\"auto, (max-width: 1024px) 100vw, 1024px\" \/><\/figure><div class=\"wp-block-media-text__content\">\n<p class=\"has-large-font-size\">&#8222;Ich mag es neue Welten zu schaffen, indem ich Motive neu zusammensetze; ausschneide, klebe, mit Bildern und Farben spiele. Es passiert ohne Plan. Mal abstrakt , provozierend oder einfach humorvoll. Ich m\u00f6chte den Betrachter dabei \u00fcberraschen, inspirieren und ihn entdecken lassen.&#8220;<\/p>\n<\/div><\/div>\n\n\n\n<hr class=\"wp-block-separator\"\/>\n\n\n\n<p class=\"wp-block-preformatted\">DANALOCO it&#8217;s me.<br>Mein Name ist Danuta Herok, Jahrgang 1978 geboren in Krappitz (Polen), ich lebe und arbeite in Koblenz. Schon immer hat das sch\u00f6pferische Arbeiter in meinem Leben einen hohen Stellenwert gehabt. Nach dem Besuch der Fachschule f\u00fcr Gestaltung in Paderborn liegt der Schwerpunkt meiner Arbeit in der kreativen Auseinandersetzung mit meiner Umwelt. Sowohl meine Arbeit in Werbeagenturen wie auch als Visual Merchandiserin haben meinen Blick f\u00fcr die Sehgewohnheiten des Betrachters geschult.<\/p>\n<p>&nbsp;<\/p>\n<p class=\"wp-block-preformatted\">Vor allem meine Zeit in Hamburg hat mich gepr\u00e4gt. Die t\u00e4gliche Begegnung mit Kunst im \u00f6ffentlichen Raum im besonderen die Streetart dienten mir als Fotomotive, die ich dann als Hintergrund f\u00fcr meine Collagen benutze. Seit 2010 widme ich mich dem Thema Collage.&nbsp;<\/p>\n\n\n\n<hr class=\"wp-block-separator\"\/>\n\n\n\n<h2 style=\"text-align: center;\">Das Atelier<\/h2>\n<p><a href=\"http:\/\/www.okno55.de\"><img loading=\"lazy\" decoding=\"async\" class=\"alignnone  wp-image-621 aligncenter\" src=\"https:\/\/danaloco.de\/wp-content\/uploads\/2021\/01\/OKNO_Logo-1-300x300.png\" alt=\"\" width=\"166\" height=\"166\" srcset=\"https:\/\/danaloco.de\/wp-content\/uploads\/2021\/01\/OKNO_Logo-1-300x300.png 300w, https:\/\/danaloco.de\/wp-content\/uploads\/2021\/01\/OKNO_Logo-1-1024x1024.png 1024w, https:\/\/danaloco.de\/wp-content\/uploads\/2021\/01\/OKNO_Logo-1-150x150.png 150w, https:\/\/danaloco.de\/wp-content\/uploads\/2021\/01\/OKNO_Logo-1-768x768.png 768w, https:\/\/danaloco.de\/wp-content\/uploads\/2021\/01\/OKNO_Logo-1-533x533.png 533w, https:\/\/danaloco.de\/wp-content\/uploads\/2021\/01\/OKNO_Logo-1-640x640.png 640w, https:\/\/danaloco.de\/wp-content\/uploads\/2021\/01\/OKNO_Logo-1-864x864.png 864w, https:\/\/danaloco.de\/wp-content\/uploads\/2021\/01\/OKNO_Logo-1.png 1182w\" sizes=\"auto, (max-width: 166px) 100vw, 166px\" \/><\/a><\/p>\n<p>&nbsp;<\/p>\n\n\n\n<p>Seit 2019 befindet sich mein Atelier im OKNO55 in der Koblenzer Frankenstra\u00dfe 55. Das OKNO55 bietet mir nicht nur den Raum um an meinen Collagen zu arbeiten, in regelm\u00e4\u00dfigen Abst\u00e4nden finden dort auch Ausstellungen meiner Arbeiten und anderer K\u00fcnstler statt. Neuigkeiten vom OKNO55 findet ihr auf <a href=\"https:\/\/www.facebook.com\/Okno55-107233914065701\">Facebook<\/a> oder besucht das <a href=\"http:\/\/www.okno55.de\">OKNO55<\/a> im Netz.  <\/p>\n\n\n\n<ul class=\"wp-block-social-links aligncenter is-style-default is-layout-flex wp-block-social-links-is-layout-flex\"><li class=\"wp-social-link wp-social-link-facebook  wp-block-social-link\"><a href=\"https:\/\/www.facebook.com\/Okno55-107233914065701\" class=\"wp-block-social-link-anchor\"><svg width=\"24\" height=\"24\" viewBox=\"0 0 24 24\" version=\"1.1\" xmlns=\"http:\/\/www.w3.org\/2000\/svg\" aria-hidden=\"true\" focusable=\"false\"><path d=\"M12 2C6.5 2 2 6.5 2 12c0 5 3.7 9.1 8.4 9.9v-7H7.9V12h2.5V9.8c0-2.5 1.5-3.9 3.8-3.9 1.1 0 2.2.2 2.2.2v2.5h-1.3c-1.2 0-1.6.8-1.6 1.6V12h2.8l-.4 2.9h-2.3v7C18.3 21.1 22 17 22 12c0-5.5-4.5-10-10-10z\"><\/path><\/svg><span class=\"wp-block-social-link-label screen-reader-text\">Facebook<\/span><\/a><\/li>\n\n<li class=\"wp-social-link wp-social-link-instagram  wp-block-social-link\"><a href=\"https:\/\/www.instagram.com\/laquaistefanie\/\" class=\"wp-block-social-link-anchor\"><svg width=\"24\" height=\"24\" viewBox=\"0 0 24 24\" version=\"1.1\" xmlns=\"http:\/\/www.w3.org\/2000\/svg\" aria-hidden=\"true\" focusable=\"false\"><path d=\"M12,4.622c2.403,0,2.688,0.009,3.637,0.052c0.877,0.04,1.354,0.187,1.671,0.31c0.42,0.163,0.72,0.358,1.035,0.673 c0.315,0.315,0.51,0.615,0.673,1.035c0.123,0.317,0.27,0.794,0.31,1.671c0.043,0.949,0.052,1.234,0.052,3.637 s-0.009,2.688-0.052,3.637c-0.04,0.877-0.187,1.354-0.31,1.671c-0.163,0.42-0.358,0.72-0.673,1.035 c-0.315,0.315-0.615,0.51-1.035,0.673c-0.317,0.123-0.794,0.27-1.671,0.31c-0.949,0.043-1.233,0.052-3.637,0.052 s-2.688-0.009-3.637-0.052c-0.877-0.04-1.354-0.187-1.671-0.31c-0.42-0.163-0.72-0.358-1.035-0.673 c-0.315-0.315-0.51-0.615-0.673-1.035c-0.123-0.317-0.27-0.794-0.31-1.671C4.631,14.688,4.622,14.403,4.622,12 s0.009-2.688,0.052-3.637c0.04-0.877,0.187-1.354,0.31-1.671c0.163-0.42,0.358-0.72,0.673-1.035 c0.315-0.315,0.615-0.51,1.035-0.673c0.317-0.123,0.794-0.27,1.671-0.31C9.312,4.631,9.597,4.622,12,4.622 M12,3 C9.556,3,9.249,3.01,8.289,3.054C7.331,3.098,6.677,3.25,6.105,3.472C5.513,3.702,5.011,4.01,4.511,4.511 c-0.5,0.5-0.808,1.002-1.038,1.594C3.25,6.677,3.098,7.331,3.054,8.289C3.01,9.249,3,9.556,3,12c0,2.444,0.01,2.751,0.054,3.711 c0.044,0.958,0.196,1.612,0.418,2.185c0.23,0.592,0.538,1.094,1.038,1.594c0.5,0.5,1.002,0.808,1.594,1.038 c0.572,0.222,1.227,0.375,2.185,0.418C9.249,20.99,9.556,21,12,21s2.751-0.01,3.711-0.054c0.958-0.044,1.612-0.196,2.185-0.418 c0.592-0.23,1.094-0.538,1.594-1.038c0.5-0.5,0.808-1.002,1.038-1.594c0.222-0.572,0.375-1.227,0.418-2.185 C20.99,14.751,21,14.444,21,12s-0.01-2.751-0.054-3.711c-0.044-0.958-0.196-1.612-0.418-2.185c-0.23-0.592-0.538-1.094-1.038-1.594 c-0.5-0.5-1.002-0.808-1.594-1.038c-0.572-0.222-1.227-0.375-2.185-0.418C14.751,3.01,14.444,3,12,3L12,3z M12,7.378 c-2.552,0-4.622,2.069-4.622,4.622S9.448,16.622,12,16.622s4.622-2.069,4.622-4.622S14.552,7.378,12,7.378z M12,15 c-1.657,0-3-1.343-3-3s1.343-3,3-3s3,1.343,3,3S13.657,15,12,15z M16.804,6.116c-0.596,0-1.08,0.484-1.08,1.08 s0.484,1.08,1.08,1.08c0.596,0,1.08-0.484,1.08-1.08S17.401,6.116,16.804,6.116z\"><\/path><\/svg><span class=\"wp-block-social-link-label screen-reader-text\">Instagram<\/span><\/a><\/li><\/ul>\n\n\n\n<p>Mit den folgenden Bilder m\u00f6chte ich euch einen Einblick ins OKNO55 und zu meiner Arbeitsweise geben. Genie\u00dft die Stimmung, wem es gef\u00e4llt, der kann sich gerne bei mir melden und einen Termin f\u00fcr einem Besuch im OKNO55 vereinbaren. <\/p>\n\n\n\n<p><\/p>\n\n\n\n<div class=\"wp-block-media-text alignwide is-stacked-on-mobile\"><figure class=\"wp-block-media-text__media\"><img loading=\"lazy\" decoding=\"async\" width=\"1024\" height=\"649\" src=\"https:\/\/danaloco.de\/wp-content\/uploads\/2021\/01\/stimmung3-1024x649.jpg\" alt=\"\" class=\"wp-image-627 size-full\" srcset=\"https:\/\/danaloco.de\/wp-content\/uploads\/2021\/01\/stimmung3-1024x649.jpg 1024w, https:\/\/danaloco.de\/wp-content\/uploads\/2021\/01\/stimmung3-300x190.jpg 300w, https:\/\/danaloco.de\/wp-content\/uploads\/2021\/01\/stimmung3-768x486.jpg 768w, https:\/\/danaloco.de\/wp-content\/uploads\/2021\/01\/stimmung3-1536x973.jpg 1536w, https:\/\/danaloco.de\/wp-content\/uploads\/2021\/01\/stimmung3-2048x1297.jpg 2048w\" sizes=\"auto, (max-width: 1024px) 100vw, 1024px\" \/><\/figure><div class=\"wp-block-media-text__content\">\n<p class=\"has-large-font-size\">Ein Blick auf meinen Arbeitstisch<\/p>\n\n\n\n<p><\/p>\n<\/div><\/div>\n\n\n\n<hr class=\"wp-block-separator\"\/>\n\n\n\n<div class=\"wp-block-media-text alignwide has-media-on-the-right is-stacked-on-mobile\"><figure class=\"wp-block-media-text__media\"><img loading=\"lazy\" decoding=\"async\" width=\"901\" height=\"500\" src=\"https:\/\/danaloco.de\/wp-content\/uploads\/2021\/01\/Bretter-1.jpg\" alt=\"\" class=\"wp-image-795 size-full\" srcset=\"https:\/\/danaloco.de\/wp-content\/uploads\/2021\/01\/Bretter-1.jpg 901w, https:\/\/danaloco.de\/wp-content\/uploads\/2021\/01\/Bretter-1-300x166.jpg 300w, https:\/\/danaloco.de\/wp-content\/uploads\/2021\/01\/Bretter-1-768x426.jpg 768w\" sizes=\"auto, (max-width: 901px) 100vw, 901px\" \/><\/figure><div class=\"wp-block-media-text__content\">\n<p class=\"has-large-font-size\">Der Tr\u00e4ger f\u00fcr meine Collagen sind Holzplatten.<\/p>\n\n\n\n<p>Auf der R\u00fcckseite befindet sich eine Bohrung, die das Aufh\u00e4ngen an der Wand erm\u00f6glicht, es ist aber auch m\u00f6glich Sie einfach hinzustellen.<\/p>\n\n\n\n<p class=\"has-normal-font-size\"> <\/p>\n\n\n\n<p><\/p>\n<\/div><\/div>\n\n\n\n<hr class=\"wp-block-separator\"\/>\n\n\n\n<div class=\"wp-block-media-text alignwide is-stacked-on-mobile\"><figure class=\"wp-block-media-text__media\"><img loading=\"lazy\" decoding=\"async\" width=\"1024\" height=\"331\" src=\"https:\/\/danaloco.de\/wp-content\/uploads\/2021\/01\/eins_zwei_drei-1024x331.jpg\" alt=\"\" class=\"wp-image-796 size-full\" srcset=\"https:\/\/danaloco.de\/wp-content\/uploads\/2021\/01\/eins_zwei_drei-1024x331.jpg 1024w, https:\/\/danaloco.de\/wp-content\/uploads\/2021\/01\/eins_zwei_drei-300x97.jpg 300w, https:\/\/danaloco.de\/wp-content\/uploads\/2021\/01\/eins_zwei_drei-768x248.jpg 768w, https:\/\/danaloco.de\/wp-content\/uploads\/2021\/01\/eins_zwei_drei.jpg 1080w\" sizes=\"auto, (max-width: 1024px) 100vw, 1024px\" \/><\/figure><div class=\"wp-block-media-text__content\">\n<p class=\"has-large-font-size\">Eins, zwei, drei FERTIG<\/p>\n\n\n\n<p>Hier siehst du wie sich eine Collage aufbaut. Meist ist ein eigenes Foto die Basis, das ich mit Ausschnitten aus einer Sammlung von Zeitschriften und Magazinen als Collage zusammensetze. <\/p>\n<\/div><\/div>\n\n\n\n<p>In ein paar Tagen gibt es hier noch mehr zu sehen&#8230; \ud83d\ude42<\/p>\n\n\n\n<p> <\/p>\n","protected":false},"excerpt":{"rendered":"<p>&#8222;Ich mag es neue Welten zu schaffen, indem ich Motive neu zusammensetze; ausschneide, klebe, mit Bildern und Farben spiele. Es passiert ohne Plan. Mal abstrakt , provozierend oder einfach humorvoll. Ich m\u00f6chte den Betrachter dabei \u00fcberraschen, inspirieren und ihn entdecken lassen.&#8220; DANALOCO it&#8217;s me.Mein Name &hellip; <a href=\"https:\/\/danaloco.de\/?page_id=90\" class=\"more-link\"><span>Continue reading<span class=\"screen-reader-text\">about me<\/span><\/span><\/a><\/p>\n","protected":false},"author":1,"featured_media":0,"parent":0,"menu_order":0,"comment_status":"closed","ping_status":"closed","template":"","meta":{"ngg_post_thumbnail":0,"footnotes":""},"class_list":["post-90","page","type-page","status-publish","hentry"],"_links":{"self":[{"href":"https:\/\/danaloco.de\/index.php?rest_route=\/wp\/v2\/pages\/90","targetHints":{"allow":["GET"]}}],"collection":[{"href":"https:\/\/danaloco.de\/index.php?rest_route=\/wp\/v2\/pages"}],"about":[{"href":"https:\/\/danaloco.de\/index.php?rest_route=\/wp\/v2\/types\/page"}],"author":[{"embeddable":true,"href":"https:\/\/danaloco.de\/index.php?rest_route=\/wp\/v2\/users\/1"}],"replies":[{"embeddable":true,"href":"https:\/\/danaloco.de\/index.php?rest_route=%2Fwp%2Fv2%2Fcomments&post=90"}],"version-history":[{"count":19,"href":"https:\/\/danaloco.de\/index.php?rest_route=\/wp\/v2\/pages\/90\/revisions"}],"predecessor-version":[{"id":798,"href":"https:\/\/danaloco.de\/index.php?rest_route=\/wp\/v2\/pages\/90\/revisions\/798"}],"wp:attachment":[{"href":"https:\/\/danaloco.de\/index.php?rest_route=%2Fwp%2Fv2%2Fmedia&parent=90"}],"curies":[{"name":"wp","href":"https:\/\/api.w.org\/{rel}","templated":true}]}}